{"id":14969,"date":"2025-02-04T01:19:06","date_gmt":"2025-02-04T04:19:06","guid":{"rendered":"https:\/\/hosplog.com.br\/?page_id=14969"},"modified":"2026-02-10T12:34:52","modified_gmt":"2026-02-10T15:34:52","slug":"contacto","status":"publish","type":"page","link":"https:\/\/hosplog.com.br\/es\/contacto\/","title":{"rendered":"Contacto"},"content":{"rendered":"\t\t<div data-elementor-type=\"wp-page\" data-elementor-id=\"14969\" class=\"elementor elementor-14969 elementor-237\" data-elementor-post-type=\"page\">\n\t\t\t\t        <section class=\"elementor-section elementor-top-section elementor-element elementor-element-7e7a7b8c elementor-section-full_width elementor-section-stretched page-title-section elementor-section-height-default elementor-section-height-default pxl-row-scroll-none pxl-zoom-point-false pxl-section-overflow-visible pxl-section-fix-none pxl-full-content-with-space-none pxl-bg-color-none pxl-section-overlay-none\" data-id=\"7e7a7b8c\" data-element_type=\"section\" data-e-type=\"section\" data-settings=\"{&quot;stretch_section&quot;:&quot;section-stretched&quot;,&quot;background_background&quot;:&quot;classic&quot;}\">\n\n                            <div class=\"elementor-background-overlay\"><\/div>\n            \n                <div class=\"elementor-container elementor-column-gap-extended \">\n                <div class=\"elementor-column elementor-col-100 elementor-top-column elementor-element elementor-element-29a095f0 pxl-column-none pxl-column-overflow-hidden-no\" data-id=\"29a095f0\" data-element_type=\"column\" data-e-type=\"column\">\r\n        <div class=\"elementor-widget-wrap elementor-element-populated\">\r\n                     \r\n        \t\t<div class=\"elementor-element elementor-element-1d1e442 elementor-widget elementor-widget-pxl_heading\" data-id=\"1d1e442\" data-element_type=\"widget\" data-e-type=\"widget\" data-widget_type=\"pxl_heading.default\">\n\t\t\t\t<div class=\"elementor-widget-container\">\n\t\t\t\t\t\r\n<div id=\"pxl-pxl_heading-1d1e442-2682\" class=\"pxl-heading px-sub-title-default-style \">\r\n\t<div class=\"pxl-heading--inner\">\r\n\t\t\r\n\t\t<h3 class=\"pxl-item--title style-default highlight-default \" data-wow-delay=\"ms\">\r\n\r\n\t\t\t<span class=\"pxl-heading--text\">\r\n\r\n\t\t\t\t\t\t\t\t\tContacto\t\r\n\t\t\t\t\t\r\n\r\n\t\t\t<\/span>\r\n\t\t<\/h3>\r\n\t\t\r\n\t<\/div>\r\n<\/div>\t\t\t\t<\/div>\n\t\t\t\t<\/div>\n\t\t\t\t<div class=\"elementor-element elementor-element-4ab60f86 elementor-widget elementor-widget-pxl_text_editor\" data-id=\"4ab60f86\" data-element_type=\"widget\" data-e-type=\"widget\" data-widget_type=\"pxl_text_editor.default\">\n\t\t\t\t<div class=\"elementor-widget-container\">\n\t\t\t\t\t<div class=\"pxl-text-editor highlight-gradient\">\r\n\t<div class=\"pxl-item--inner  \" >\r\n\t\t<p data-start=\"57\" data-end=\"148\">Nuestros consultores est\u00e1n siempre listos para resolver sus dudas. Cuente con nosotros.<\/p>\t\t\r\n\t<\/div>\r\n<\/div>\t\t\t\t<\/div>\n\t\t\t\t<\/div>\n\t\t\t\t<div class=\"elementor-element elementor-element-4e7e2072 elementor-widget__width-auto elementor-absolute elementor-widget elementor-widget-pxl_circle\" data-id=\"4e7e2072\" data-element_type=\"widget\" data-e-type=\"widget\" data-settings=\"{&quot;_position&quot;:&quot;absolute&quot;}\" data-widget_type=\"pxl_circle.default\">\n\t\t\t\t<div class=\"elementor-widget-container\">\n\t\t\t\t\t<div class=\"pxl-circle\">\r\n    <div class=\"pxl-circle-1\">\r\n        <div class=\"circle-outer-1\">\r\n            <div class=\"circle-border\"><\/div>\r\n            <div class=\"particles\">\r\n                <span><\/span>\r\n                <span><\/span>\r\n                <span><\/span>\r\n                <span><\/span>\r\n            <\/div>\r\n        <\/div>\r\n    <\/div>\r\n    <div class=\"pxl-circle-2\">\r\n        <div class=\"circle-outer\">\r\n            <div class=\"circle-border\"><\/div>\r\n            <div class=\"particles\">\r\n                <span><\/span>\r\n                <span><\/span>\r\n                <span><\/span>\r\n                <span><\/span>\r\n            <\/div>\r\n        <\/div>\r\n    <\/div>\r\n<\/div>\t\t\t\t<\/div>\n\t\t\t\t<\/div>\n\t\t\t\t<div class=\"elementor-element elementor-element-7e183103 elementor-widget__width-auto elementor-widget elementor-widget-pxl_breadcrumb\" data-id=\"7e183103\" data-element_type=\"widget\" data-e-type=\"widget\" data-widget_type=\"pxl_breadcrumb.default\">\n\t\t\t\t<div class=\"elementor-widget-container\">\n\t\t\t\t\t<div class=\"pxl-breadcrumb-wrap\">\r\n\t<ul class=\"pxl-breadcrumb\"><li><span class=\"breadcrumb-entry\">Home &#8211; Esp<\/span><\/li><\/ul><\/div>\t\t\t\t<\/div>\n\t\t\t\t<\/div>\n\t\t            <\/div>\r\n        <\/div>\r\n        \t\t\t<\/div>\n\t\t<\/section>\n\t\t        <section class=\"elementor-section elementor-top-section elementor-element elementor-element-3695e71 elementor-section-boxed elementor-section-height-default elementor-section-height-default pxl-row-scroll-none pxl-zoom-point-false pxl-section-overflow-visible pxl-section-fix-none pxl-bg-color-none pxl-section-overlay-none\" data-id=\"3695e71\" data-element_type=\"section\" data-e-type=\"section\" data-settings=\"{&quot;background_background&quot;:&quot;classic&quot;}\">\n\n                \n                <div class=\"elementor-container elementor-column-gap-default \">\n                <div class=\"elementor-column elementor-col-100 elementor-top-column elementor-element elementor-element-312e77b pxl-column-none\" data-id=\"312e77b\" data-element_type=\"column\" data-e-type=\"column\" data-settings=\"{&quot;background_background&quot;:&quot;classic&quot;}\">\r\n        <div class=\"elementor-widget-wrap elementor-element-populated\">\r\n                     \r\n                <section class=\"elementor-section elementor-inner-section elementor-element elementor-element-a5ed521 elementor-section-full_width elementor-section-height-default elementor-section-height-default pxl-row-scroll-none pxl-zoom-point-false pxl-section-overflow-visible pxl-section-fix-none pxl-full-content-with-space-none pxl-bg-color-none pxl-section-overlay-none\" data-id=\"a5ed521\" data-element_type=\"section\" data-e-type=\"section\" data-settings=\"{&quot;background_background&quot;:&quot;classic&quot;}\">\n\n                \n                <div class=\"elementor-container elementor-column-gap-default \">\n                <div class=\"elementor-column elementor-col-50 elementor-inner-column elementor-element elementor-element-fcc67bd pxl-column-none pxl-column-overflow-hidden-no\" data-id=\"fcc67bd\" data-element_type=\"column\" data-e-type=\"column\">\r\n        <div class=\"elementor-widget-wrap elementor-element-populated\">\r\n                     \r\n        \t\t<div class=\"elementor-element elementor-element-b96dbe8 elementor-widget__width-auto elementor-widget elementor-widget-pxl_heading\" data-id=\"b96dbe8\" data-element_type=\"widget\" data-e-type=\"widget\" data-widget_type=\"pxl_heading.default\">\n\t\t\t\t<div class=\"elementor-widget-container\">\n\t\t\t\t\t\r\n<div id=\"pxl-pxl_heading-b96dbe8-9824\" class=\"pxl-heading px-sub-title-default-style \">\r\n\t<div class=\"pxl-heading--inner\">\r\n\t\t\r\n\t\t<h3 class=\"pxl-item--title style-default highlight-default wow PXLfadeInUp\" data-wow-delay=\"200ms\">\r\n\r\n\t\t\t<span class=\"pxl-heading--text\">\r\n\r\n\t\t\t\t\t\t\t\t\tCont\u00e1ctenos\t\r\n\t\t\t\t\t\r\n\r\n\t\t\t<\/span>\r\n\t\t<\/h3>\r\n\t\t\r\n\t<\/div>\r\n<\/div>\t\t\t\t<\/div>\n\t\t\t\t<\/div>\n\t\t\t\t<div class=\"elementor-element elementor-element-5641f7a elementor-widget elementor-widget-pxl_text_editor\" data-id=\"5641f7a\" data-element_type=\"widget\" data-e-type=\"widget\" data-widget_type=\"pxl_text_editor.default\">\n\t\t\t\t<div class=\"elementor-widget-container\">\n\t\t\t\t\t<div class=\"pxl-text-editor highlight-gradient\">\r\n\t<div class=\"pxl-item--inner wow PXLfadeInUp \" data-wow-delay=\"250ms\">\r\n\t\t<p>Siempre estamos listos para atenderlos. Ya sea para aclarar dudas o cotizar un nuevo proyecto, cuente con nosotros.<\/p>\t\t\r\n\t<\/div>\r\n<\/div>\t\t\t\t<\/div>\n\t\t\t\t<\/div>\n\t\t<div class=\"elementor-element elementor-element-08fae42 e-grid e-con-boxed e-con e-parent \" data-id=\"08fae42\" data-element_type=\"container\" data-e-type=\"container\">\t\t\t<div class=\"e-con-inner\">\r\n\t\t\t\t<div class=\"elementor-element elementor-element-b66a68a elementor-widget__width-auto elementor-widget elementor-widget-pxl_icon_box\" data-id=\"b66a68a\" data-element_type=\"widget\" data-e-type=\"widget\" data-widget_type=\"pxl_icon_box.default\">\n\t\t\t\t<div class=\"elementor-widget-container\">\n\t\t\t\t\t<div class=\"pxl-icon-box pxl-icon-box2  wow PXLfadeInUp\" data-wow-delay=\"350ms\">\r\n            <a class=\"pxl-item--link\" href=\"Mailto:hosplog@hosplog.com.br\"><\/a>\r\n    \r\n            <div class=\"pxl-item--icon\">\r\n            <i aria-hidden=\"true\" class=\"fal fa-envelope-open\"><\/i>        <\/div>\r\n            <div class=\"pxl-item--body\">\r\n        <h5 class=\"pxl-item--title el-empty\">Correo electr\u00f3nico<\/h5>\r\n        <div class=\"pxl-item--description el-empty\">hosplog@hosplog.com.br<\/div>\r\n    <\/div>\r\n<\/div>\t\t\t\t<\/div>\n\t\t\t\t<\/div>\n\t\t\t\t<div class=\"elementor-element elementor-element-6b1bd78 elementor-widget__width-auto elementor-widget-widescreen__width-initial elementor-widget elementor-widget-pxl_icon_box\" data-id=\"6b1bd78\" data-element_type=\"widget\" data-e-type=\"widget\" data-widget_type=\"pxl_icon_box.default\">\n\t\t\t\t<div class=\"elementor-widget-container\">\n\t\t\t\t\t<div class=\"pxl-icon-box pxl-icon-box2  wow PXLfadeInUp\" data-wow-delay=\"300ms\">\r\n            <a class=\"pxl-item--link\" href=\"Tel:+551135555800\"><\/a>\r\n    \r\n            <div class=\"pxl-item--icon\">\r\n            <i aria-hidden=\"true\" class=\"flaticon flaticon-chat\"><\/i>        <\/div>\r\n            <div class=\"pxl-item--body\">\r\n        <h5 class=\"pxl-item--title el-empty\">Contacto<\/h5>\r\n        <div class=\"pxl-item--description el-empty\">+55 (11) 3555-5800<\/div>\r\n    <\/div>\r\n<\/div>\t\t\t\t<\/div>\n\t\t\t\t<\/div>\n\t\t\t\t<div class=\"elementor-element elementor-element-cf15abf elementor-widget__width-auto elementor-widget elementor-widget-pxl_icon_box\" data-id=\"cf15abf\" data-element_type=\"widget\" data-e-type=\"widget\" data-widget_type=\"pxl_icon_box.default\">\n\t\t\t\t<div class=\"elementor-widget-container\">\n\t\t\t\t\t<div class=\"pxl-icon-box pxl-icon-box2  wow PXLfadeInUp\" data-wow-delay=\"300ms\">\r\n    \r\n            <div class=\"pxl-item--icon\">\r\n            <i aria-hidden=\"true\" class=\"far fa-map-marker-alt\"><\/i>        <\/div>\r\n            <div class=\"pxl-item--body\">\r\n        <h5 class=\"pxl-item--title el-empty\">Direcci\u00f3n<\/h5>\r\n        <div class=\"pxl-item--description el-empty\">Avenida Aruan\u00e3 n.\u00ba 280\/352 \u2013 Tambor\u00e9, Edificios 3 y 4 <\/br>\nBarueri | S\u00e3o Paulo | SP <\/br>\nC\u00f3digo Postal: 06460-010<\/div>\r\n    <\/div>\r\n<\/div>\t\t\t\t<\/div>\n\t\t\t\t<\/div>\n\t\t\t\t<div class=\"elementor-element elementor-element-2db1e0a elementor-widget__width-auto elementor-widget-laptop__width-inherit elementor-widget-tablet__width-auto elementor-widget elementor-widget-pxl_icon_box\" data-id=\"2db1e0a\" data-element_type=\"widget\" data-e-type=\"widget\" data-widget_type=\"pxl_icon_box.default\">\n\t\t\t\t<div class=\"elementor-widget-container\">\n\t\t\t\t\t<div class=\"pxl-icon-box pxl-icon-box2  wow PXLfadeInUp\" data-wow-delay=\"350ms\">\r\n    \r\n            <div class=\"pxl-item--icon\">\r\n            <i aria-hidden=\"true\" class=\"fal fa-clock\"><\/i>        <\/div>\r\n            <div class=\"pxl-item--body\">\r\n        <h5 class=\"pxl-item--title el-empty\">Horario de funcionamiento<\/h5>\r\n        <div class=\"pxl-item--description el-empty\">Lunes a viernes: 8:00 a 18:00<\/div>\r\n    <\/div>\r\n<\/div>\t\t\t\t<\/div>\n\t\t\t\t<\/div>\n\t\t\t\t\t<\/div>\r\n\t\t\t\t<\/div>\r\n\t\t            <\/div>\r\n        <\/div>\r\n                <div class=\"elementor-column elementor-col-50 elementor-inner-column elementor-element elementor-element-58beb62 pxl-column-none pxl-column-overflow-hidden-no\" data-id=\"58beb62\" data-element_type=\"column\" data-e-type=\"column\">\r\n        <div class=\"elementor-widget-wrap elementor-element-populated\">\r\n                     \r\n        \t\t<div class=\"elementor-element elementor-element-5a2d15f elementor-widget elementor-widget-pxl_contact_form\" data-id=\"5a2d15f\" data-element_type=\"widget\" data-e-type=\"widget\" data-widget_type=\"pxl_contact_form.default\">\n\t\t\t\t<div class=\"elementor-widget-container\">\n\t\t\t\t\t    <div class=\"pxl-contact-form pxl-contact-form1 btn-w-auto wow PXLfadeInUp\" data-wow-delay=\"300ms\">\r\n        \n<div class=\"wpcf7 no-js\" id=\"wpcf7-f15734-o1\" lang=\"es-ES\" dir=\"ltr\" data-wpcf7-id=\"15734\">\n<div class=\"screen-reader-response\"><p role=\"status\" aria-live=\"polite\" aria-atomic=\"true\"><\/p> <ul><\/ul><\/div>\n<form action=\"\/es\/wp-json\/wp\/v2\/pages\/14969#wpcf7-f15734-o1\" method=\"post\" class=\"wpcf7-form init\" aria-label=\"Formulario de contacto\" novalidate=\"novalidate\" data-status=\"init\">\n<fieldset class=\"hidden-fields-container\"><input type=\"hidden\" name=\"_wpcf7\" value=\"15734\" \/><input type=\"hidden\" name=\"_wpcf7_version\" value=\"6.1.5\" \/><input type=\"hidden\" name=\"_wpcf7_locale\" value=\"es_ES\" \/><input type=\"hidden\" name=\"_wpcf7_unit_tag\" value=\"wpcf7-f15734-o1\" \/><input type=\"hidden\" name=\"_wpcf7_container_post\" value=\"0\" \/><input type=\"hidden\" name=\"_wpcf7_posted_data_hash\" value=\"\" \/>\n<\/fieldset>\n<div class=\"cf7-contact-us\">\n\t<div class=\"row\">\n\t\t<div class=\"col-md-12 col-lg-12 col-xl-6\">\n\t\t\t<p><span class=\"wpcf7-form-control-wrap\" data-name=\"your-name\"><input size=\"40\" maxlength=\"400\" class=\"wpcf7-form-control wpcf7-text wpcf7-validates-as-required\" autocomplete=\"name\" aria-required=\"true\" aria-invalid=\"false\" placeholder=\"* Nombre completo\" value=\"\" type=\"text\" name=\"your-name\" \/><\/span>\n\t\t\t<\/p>\n\t\t<\/div>\n\t\t<div class=\"col-md-12 col-lg-12 col-xl-6\">\n\t\t\t<p><span class=\"wpcf7-form-control-wrap\" data-name=\"your-email\"><input size=\"40\" maxlength=\"400\" class=\"wpcf7-form-control wpcf7-email wpcf7-validates-as-required wpcf7-text wpcf7-validates-as-email\" autocomplete=\"email\" aria-required=\"true\" aria-invalid=\"false\" placeholder=\"* Correo electr\u00f3nico\" value=\"\" type=\"email\" name=\"your-email\" \/><\/span>\n\t\t\t<\/p>\n\t\t<\/div>\n\t<\/div>\n\t<div class=\"row\">\n\t\t<div class=\"col-md-12 col-lg-12 col-xl-6\">\n\t\t\t<p><span class=\"wpcf7-form-control-wrap\" data-name=\"your-phone\"><input size=\"40\" maxlength=\"400\" class=\"wpcf7-form-control wpcf7-tel wpcf7-validates-as-required wpcf7-text wpcf7-validates-as-tel\" autocomplete=\"tel\" aria-required=\"true\" aria-invalid=\"false\" placeholder=\"* Tel\u00e9fono \/ WhatsApp\" value=\"\" type=\"tel\" name=\"your-phone\" \/><\/span>\n\t\t\t<\/p>\n\t\t<\/div>\n\t\t<div class=\"col-md-12 col-lg-12 col-xl-6\">\n\t\t\t<p><span class=\"wpcf7-form-control-wrap\" data-name=\"your-subject\"><input size=\"40\" maxlength=\"400\" class=\"wpcf7-form-control wpcf7-text wpcf7-validates-as-required\" aria-required=\"true\" aria-invalid=\"false\" placeholder=\"* Asunto\" value=\"\" type=\"text\" name=\"your-subject\" \/><\/span>\n\t\t\t<\/p>\n\t\t<\/div>\n\t<\/div>\n\t<div class=\"row\">\n\t\t<div class=\"col-12\">\n\t\t\t<p><span class=\"wpcf7-form-control-wrap\" data-name=\"your-message\"><textarea cols=\"40\" rows=\"10\" maxlength=\"2000\" class=\"wpcf7-form-control wpcf7-textarea wpcf7-validates-as-required\" aria-required=\"true\" aria-invalid=\"false\" placeholder=\"* Su mensaje...\" name=\"your-message\"><\/textarea><\/span>\n\t\t\t<\/p>\n\t\t<\/div>\n\t<\/div>\n\t<p><button type=\"submit\"><br \/>\nEnviar <i class=\"fa-solid fa-paper-plane-top\"><\/i><br \/>\n<\/button>\n\t<\/p>\n<\/div><div class=\"wpcf7-response-output\" aria-hidden=\"true\"><\/div>\n<\/form>\n<\/div>\n    <\/div>\r\n\t\t\t\t<\/div>\n\t\t\t\t<\/div>\n\t\t\t\t<div class=\"elementor-element elementor-element-7d0c891 elementor-widget__width-auto elementor-absolute elementor-widget elementor-widget-pxl_sphere\" data-id=\"7d0c891\" data-element_type=\"widget\" data-e-type=\"widget\" data-settings=\"{&quot;_position&quot;:&quot;absolute&quot;}\" data-widget_type=\"pxl_sphere.default\">\n\t\t\t\t<div class=\"elementor-widget-container\">\n\t\t\t\t\t\r\n<div class=\"pxl-sphere\" \r\n    data-size=\"850\"\r\n    data-radius=\"255\"\r\n    data-color=\"#CBD3E7\"\r\n    data-rotation=\"both_axis\"\r\n    data-speed=\"0.005\"\r\n    data-xspeed=\"0.003\"\r\n    data-yspeed=\"0.005\"\r\n    data-tilt=\"-30\">\r\n    <canvas id=\"sphereCanvas_69d374717fac7\"><\/canvas>\r\n<\/div>\r\n\r\n<style>\r\n.pxl-sphere {\r\n    width: 850px;\r\n    height: 850px;\r\n    display: flex;\r\n    justify-content: center;\r\n    align-items: center;\r\n    background: transparent;\r\n    position: relative; \/* Add position relative *\/\r\n}\r\n\r\n.pxl-sphere canvas {\r\n    display: block;\r\n    position: absolute; \/* Ensure canvas is positioned correctly *\/\r\n    top: 0;\r\n    left: 0;\r\n}\r\n<\/style>\t\t\t\t<\/div>\n\t\t\t\t<\/div>\n\t\t            <\/div>\r\n        <\/div>\r\n        \t\t\t<\/div>\n\t\t<\/section>\n\t\t            <\/div>\r\n        <\/div>\r\n        \t\t\t<\/div>\n\t\t<\/section>\n\t\t        <section class=\"elementor-section elementor-top-section elementor-element elementor-element-dfe9825 elementor-section-full_width elementor-section-height-default elementor-section-height-default pxl-row-scroll-none pxl-zoom-point-false pxl-section-overflow-visible pxl-section-fix-none pxl-full-content-with-space-none pxl-bg-color-none pxl-section-overlay-none\" data-id=\"dfe9825\" data-element_type=\"section\" data-e-type=\"section\">\n\n                \n                <div class=\"elementor-container elementor-column-gap-default \">\n                <div class=\"elementor-column elementor-col-100 elementor-top-column elementor-element elementor-element-0ae6739 pxl-column-none pxl-column-overflow-hidden-no\" data-id=\"0ae6739\" data-element_type=\"column\" data-e-type=\"column\">\r\n        <div class=\"elementor-widget-wrap elementor-element-populated\">\r\n                     \r\n        \t\t<div class=\"elementor-element elementor-element-71e0607 elementor-widget elementor-widget-google_maps\" data-id=\"71e0607\" data-element_type=\"widget\" data-e-type=\"widget\" data-widget_type=\"google_maps.default\">\n\t\t\t\t\t\t\t<div class=\"elementor-custom-embed\">\n\t\t\t<iframe loading=\"lazy\"\n\t\t\t\t\tsrc=\"https:\/\/maps.google.com\/maps?q=Av.%20Aruan%C3%A3%2C%20352%20-%20Tambor%C3%A9%2C%20Barueri%20-%20SP%2C%2006460-010%2C%20Brasil&#038;t=m&#038;z=16&#038;output=embed&#038;iwloc=near\"\n\t\t\t\t\ttitle=\"Av. Aruan\u00e3, 352 - Tambor\u00e9, Barueri - SP, 06460-010, Brasil\"\n\t\t\t\t\taria-label=\"Av. Aruan\u00e3, 352 - Tambor\u00e9, Barueri - SP, 06460-010, Brasil\"\n\t\t\t><\/iframe>\n\t\t<\/div>\n\t\t\t\t\t\t<\/div>\n\t\t            <\/div>\r\n        <\/div>\r\n        \t\t\t<\/div>\n\t\t<\/section>\n\t\t\t\t<\/div>\n\t\t","protected":false},"excerpt":{"rendered":"<p>Contacto Nuestros consultores est\u00e1n siempre listos para resolver sus dudas. Cuente con nosotros. Home Cont\u00e1ctenos Siempre estamos listos para atenderlos. Ya sea para aclarar dudas o cotizar un nuevo proyecto, cuente con nosotros. Correo electr\u00f3nico hosplog@hosplog.com.br Contacto +55 (11) 3555-5800 Direcci\u00f3n Avenida Aruan\u00e3 n.\u00ba 280\/352 \u2013 Tambor\u00e9, Edificios 3 y 4 Barueri | S\u00e3o Paulo [&hellip;]<\/p>\n","protected":false},"author":2,"featured_media":0,"parent":0,"menu_order":0,"comment_status":"closed","ping_status":"closed","template":"","meta":{"footnotes":""},"class_list":["post-14969","page","type-page","status-publish","hentry"],"yoast_head":"<!-- This site is optimized with the Yoast SEO plugin v27.1.1 - https:\/\/yoast.com\/product\/yoast-seo-wordpress\/ -->\n<title>Contacto - Hosplog<\/title>\n<meta name=\"robots\" content=\"index, follow, max-snippet:-1, max-image-preview:large, max-video-preview:-1\" \/>\n<link rel=\"canonical\" href=\"https:\/\/hosplog.com.br\/es\/contacto\/\" \/>\n<meta property=\"og:locale\" content=\"es_ES\" \/>\n<meta property=\"og:type\" content=\"article\" \/>\n<meta property=\"og:title\" content=\"Contacto - Hosplog\" \/>\n<meta property=\"og:description\" content=\"Contacto Nuestros consultores est\u00e1n siempre listos para resolver sus dudas. Cuente con nosotros. Home Cont\u00e1ctenos Siempre estamos listos para atenderlos. Ya sea para aclarar dudas o cotizar un nuevo proyecto, cuente con nosotros. Correo electr\u00f3nico hosplog@hosplog.com.br Contacto +55 (11) 3555-5800 Direcci\u00f3n Avenida Aruan\u00e3 n.\u00ba 280\/352 \u2013 Tambor\u00e9, Edificios 3 y 4 Barueri | S\u00e3o Paulo [&hellip;]\" \/>\n<meta property=\"og:url\" content=\"https:\/\/hosplog.com.br\/es\/contacto\/\" \/>\n<meta property=\"og:site_name\" content=\"Hosplog\" \/>\n<meta property=\"article:modified_time\" content=\"2026-02-10T15:34:52+00:00\" \/>\n<meta name=\"twitter:card\" content=\"summary_large_image\" \/>\n<meta name=\"twitter:label1\" content=\"Tiempo de lectura\" \/>\n\t<meta name=\"twitter:data1\" content=\"1 minuto\" \/>\n<script type=\"application\/ld+json\" class=\"yoast-schema-graph\">{\"@context\":\"https:\/\/schema.org\",\"@graph\":[{\"@type\":\"WebPage\",\"@id\":\"https:\/\/hosplog.com.br\/es\/contacto\/\",\"url\":\"https:\/\/hosplog.com.br\/es\/contacto\/\",\"name\":\"Contacto - Hosplog\",\"isPartOf\":{\"@id\":\"https:\/\/hosplog.com.br\/es\/#website\"},\"datePublished\":\"2025-02-04T04:19:06+00:00\",\"dateModified\":\"2026-02-10T15:34:52+00:00\",\"breadcrumb\":{\"@id\":\"https:\/\/hosplog.com.br\/es\/contacto\/#breadcrumb\"},\"inLanguage\":\"es\",\"potentialAction\":[{\"@type\":\"ReadAction\",\"target\":[\"https:\/\/hosplog.com.br\/es\/contacto\/\"]}]},{\"@type\":\"BreadcrumbList\",\"@id\":\"https:\/\/hosplog.com.br\/es\/contacto\/#breadcrumb\",\"itemListElement\":[{\"@type\":\"ListItem\",\"position\":1,\"name\":\"In\u00edcio\",\"item\":\"https:\/\/hosplog.com.br\/es\/\"},{\"@type\":\"ListItem\",\"position\":2,\"name\":\"Contacto\"}]},{\"@type\":\"WebSite\",\"@id\":\"https:\/\/hosplog.com.br\/es\/#website\",\"url\":\"https:\/\/hosplog.com.br\/es\/\",\"name\":\"Hosplog\",\"description\":\"A maior empresa de log\u00edstica intra-hospitalar da am\u00e9rica latina\",\"potentialAction\":[{\"@type\":\"SearchAction\",\"target\":{\"@type\":\"EntryPoint\",\"urlTemplate\":\"https:\/\/hosplog.com.br\/es\/?s={search_term_string}\"},\"query-input\":{\"@type\":\"PropertyValueSpecification\",\"valueRequired\":true,\"valueName\":\"search_term_string\"}}],\"inLanguage\":\"es\"}]}<\/script>\n<!-- \/ Yoast SEO plugin. -->","yoast_head_json":{"title":"Contacto - Hosplog","robots":{"index":"index","follow":"follow","max-snippet":"max-snippet:-1","max-image-preview":"max-image-preview:large","max-video-preview":"max-video-preview:-1"},"canonical":"https:\/\/hosplog.com.br\/es\/contacto\/","og_locale":"es_ES","og_type":"article","og_title":"Contacto - Hosplog","og_description":"Contacto Nuestros consultores est\u00e1n siempre listos para resolver sus dudas. Cuente con nosotros. Home Cont\u00e1ctenos Siempre estamos listos para atenderlos. Ya sea para aclarar dudas o cotizar un nuevo proyecto, cuente con nosotros. Correo electr\u00f3nico hosplog@hosplog.com.br Contacto +55 (11) 3555-5800 Direcci\u00f3n Avenida Aruan\u00e3 n.\u00ba 280\/352 \u2013 Tambor\u00e9, Edificios 3 y 4 Barueri | S\u00e3o Paulo [&hellip;]","og_url":"https:\/\/hosplog.com.br\/es\/contacto\/","og_site_name":"Hosplog","article_modified_time":"2026-02-10T15:34:52+00:00","twitter_card":"summary_large_image","twitter_misc":{"Tiempo de lectura":"1 minuto"},"schema":{"@context":"https:\/\/schema.org","@graph":[{"@type":"WebPage","@id":"https:\/\/hosplog.com.br\/es\/contacto\/","url":"https:\/\/hosplog.com.br\/es\/contacto\/","name":"Contacto - Hosplog","isPartOf":{"@id":"https:\/\/hosplog.com.br\/es\/#website"},"datePublished":"2025-02-04T04:19:06+00:00","dateModified":"2026-02-10T15:34:52+00:00","breadcrumb":{"@id":"https:\/\/hosplog.com.br\/es\/contacto\/#breadcrumb"},"inLanguage":"es","potentialAction":[{"@type":"ReadAction","target":["https:\/\/hosplog.com.br\/es\/contacto\/"]}]},{"@type":"BreadcrumbList","@id":"https:\/\/hosplog.com.br\/es\/contacto\/#breadcrumb","itemListElement":[{"@type":"ListItem","position":1,"name":"In\u00edcio","item":"https:\/\/hosplog.com.br\/es\/"},{"@type":"ListItem","position":2,"name":"Contacto"}]},{"@type":"WebSite","@id":"https:\/\/hosplog.com.br\/es\/#website","url":"https:\/\/hosplog.com.br\/es\/","name":"Hosplog","description":"A maior empresa de log\u00edstica intra-hospitalar da am\u00e9rica latina","potentialAction":[{"@type":"SearchAction","target":{"@type":"EntryPoint","urlTemplate":"https:\/\/hosplog.com.br\/es\/?s={search_term_string}"},"query-input":{"@type":"PropertyValueSpecification","valueRequired":true,"valueName":"search_term_string"}}],"inLanguage":"es"}]}},"_links":{"self":[{"href":"https:\/\/hosplog.com.br\/es\/wp-json\/wp\/v2\/pages\/14969","targetHints":{"allow":["GET"]}}],"collection":[{"href":"https:\/\/hosplog.com.br\/es\/wp-json\/wp\/v2\/pages"}],"about":[{"href":"https:\/\/hosplog.com.br\/es\/wp-json\/wp\/v2\/types\/page"}],"author":[{"embeddable":true,"href":"https:\/\/hosplog.com.br\/es\/wp-json\/wp\/v2\/users\/2"}],"replies":[{"embeddable":true,"href":"https:\/\/hosplog.com.br\/es\/wp-json\/wp\/v2\/comments?post=14969"}],"version-history":[{"count":7,"href":"https:\/\/hosplog.com.br\/es\/wp-json\/wp\/v2\/pages\/14969\/revisions"}],"predecessor-version":[{"id":15984,"href":"https:\/\/hosplog.com.br\/es\/wp-json\/wp\/v2\/pages\/14969\/revisions\/15984"}],"wp:attachment":[{"href":"https:\/\/hosplog.com.br\/es\/wp-json\/wp\/v2\/media?parent=14969"}],"curies":[{"name":"wp","href":"https:\/\/api.w.org\/{rel}","templated":true}]}}